{"id":23409,"date":"2020-09-17T17:01:00","date_gmt":"2020-09-17T15:01:00","guid":{"rendered":"https:\/\/sennse.fr\/home-new\/"},"modified":"2024-05-13T14:29:58","modified_gmt":"2024-05-13T12:29:58","slug":"home-new","status":"publish","type":"page","link":"https:\/\/sennse.fr\/en\/","title":{"rendered":"Accueil"},"content":{"rendered":"<p>[vc_row full_width=&#8221;stretch_row&#8221;][vc_column][vc_column_text]        \n        \n        <div class=\"banniere-home\">\n            \n            <img decoding=\"async\" src=\"https:\/\/sennse.fr\/wp-content\/themes\/pillar-child\/img\/banniere-home\/Diagonales_Point.svg\" class=\"mvt-parallax lignes\" data-direction=\"0.5\">\n            <img decoding=\"async\" src=\"https:\/\/sennse.fr\/wp-content\/themes\/pillar-child\/img\/banniere-home\/etoile.svg\" class=\"mvt-parallax etoile\" data-direction=\"-0.7\">\n        \n            <img decoding=\"async\" src=\"https:\/\/sennse.fr\/wp-content\/themes\/pillar-child\/img\/banniere-home\/Point_Grand.svg?ts=1725620376\" class=\"mvt-parallax point1\">\n            <img decoding=\"async\" src=\"https:\/\/sennse.fr\/wp-content\/themes\/pillar-child\/img\/banniere-home\/Point_Moyen.svg\" class=\"mvt-parallax point3\" data-direction=\"-0.3\">\n            <img decoding=\"async\" src=\"https:\/\/sennse.fr\/wp-content\/themes\/pillar-child\/img\/banniere-home\/Point_Petit.svg\" class=\"mvt-parallax point2\" data-direction=\"0.6\">\n        \n            <img decoding=\"async\" src=\"https:\/\/sennse.fr\/wp-content\/themes\/pillar-child\/img\/banniere-home\/Nuage_Petit.svg\" class=\"mvt-parallax nuage-petit1\" data-direction=\"1.1\">\n            <img decoding=\"async\" src=\"https:\/\/sennse.fr\/wp-content\/themes\/pillar-child\/img\/banniere-home\/Nuage_Grand.svg\" class=\"mvt-parallax nuage-grand1\" data-direction=\"1.1\">\n        \n            <img decoding=\"async\" src=\"https:\/\/sennse.fr\/wp-content\/themes\/pillar-child\/img\/banniere-home\/Nuage_Petit.svg\" class=\"mvt-parallax nuage-petit2\" data-direction=\"-0.7\">\n            <img decoding=\"async\" src=\"https:\/\/sennse.fr\/wp-content\/themes\/pillar-child\/img\/banniere-home\/Nuage_Grand.svg\" class=\"mvt-parallax nuage-grand2\" data-direction=\"-0.7\">\n        \n            <img decoding=\"async\" src=\"https:\/\/sennse.fr\/wp-content\/themes\/pillar-child\/img\/banniere-home\/Vague_Pointilles.svg?ts=1725620376\" class=\"mvt-parallax vague-pointilles\" data-direction=\"-1.2\">\n            <img decoding=\"async\" src=\"https:\/\/sennse.fr\/wp-content\/themes\/pillar-child\/img\/banniere-home\/Ligne_Hachures.svg\" class=\"mvt-parallax ligne-hachures\" data-direction=\"-1.4\">\n        \n        \n\n        \n            <div class=\"formes ligne-pointilles\">\n        \n                <ul>\n                    <li class=\"active\"><\/li>\n                    <li><\/li><li><\/li><li><\/li><li><\/li><li><\/li><li><\/li><li><\/li><li><\/li><li><\/li><li><\/li><li><\/li><li><\/li><li><\/li><li><\/li><li><\/li><li><\/li><li><\/li><li><\/li><li><\/li><li><\/li><li><\/li><li><\/li><li><\/li><li><\/li><li><\/li><li><\/li><li><\/li><li><\/li><li><\/li><li><\/li>                    \n                <\/ul>\n            \n            <\/div>\n        \n        \n            <div class=\"formes vague-ligne\">\n            \n                <div class=\"formes vague-ligne__inner\"><\/div>\n        \n            <\/div>\n        \n        \n        \n            \n            <div class=\"banniere-home__inner\">\n        \n        \n                <h1>\n                    LE SENS \n                    <br>\n                    DES PROJETS, \n                    <br>\n                    L\u2019EXP\u00c9RIENCE \n                    <br>\n                    DES TERRITOIRES\n                <\/h1>\n                        \n                <div class=\"presentation\">\n                    Experts des enjeux publics et forts d\u2019une connaissance fine des \u00e9cosyst\u00e8mes locaux, nous conseillons et accompagnons depuis plus de 25 ans tous les acteurs des territoires, publics et priv\u00e9s, pour faire de leurs projets des leviers d\u2019attractivit\u00e9, cr\u00e9ateurs de valeur et de liens.\n                <\/div>\n                        \n        \n            <\/div>\n        \n        \n        <\/div>[\/vc_column_text][\/vc_column][\/vc_row][vc_row][vc_column][vc_column_text css_animation=&#8221;appear&#8221;]<\/p>\n<h1 style=\"text-align: center;\"><span style=\"color: #00ae97;\">Actus, infos, id\u00e9es<\/span><\/h1>\n<p>[\/vc_column_text]<div class=\"row\">\n    \n\t<div class=\"masonry masonry-blog\">\n        \n        <div class=\"masonry__filters_custom text-center\" data-filter-all-text=\"Tout montrer\">\n            <ul>\n                <li class=\"active\" data-masonry-filter=\"*\">Tout montrer<\/li>\n                <li data-masonry-filter=\"cat194\">Notre actu<\/li>\n                <li data-masonry-filter=\"cat195\">Notre regard sur<\/li>\n            <\/ul>\n        <\/div>\n        \n\t\t<div class=\"masonry__container masonry--animate blog-load-more\">\n\t\t\t<p class=\"lead\">Sorry, no results were found, search again?<\/p>\n<form class=\"search-form\" method=\"get\" id=\"searchform\" action=\"https:\/\/sennse.fr\/en\/\">\n\t<div class=\"input-with-icon\">\n\t\t<i class=\"icon-Magnifi-Glass2\"><\/i>\n\t\t<input type=\"text\" id=\"s2\" class=\"mb0\" name=\"s\" placeholder=\"Rechercher\" \/>\n\t<\/div>\n<\/form>\t\t<\/div><!--end masonry container-->\n\t<\/div><!--end masonry-->\n\t\n\t<hr \/><div class=\"load-more-container text-center\"><a href=\"#\" class=\"btn btn--success load-more\" disabled>No More Items<\/a><\/div>\t\n<\/div><!--end of row-->[\/vc_column][\/vc_row][vc_row css=&#8221;.vc_custom_1709549341190{border-top-width: 0px !important;padding-top: 20px !important;background-color: #00ae97 !important;}&#8221;][vc_column css=&#8221;.vc_custom_1607617785524{margin-top: 20px !important;}&#8221;][vc_column_text css_animation=&#8221;appear&#8221; css=&#8221;.vc_custom_1715603381684{padding-bottom: 30px !important;}&#8221;]<\/p>\n<h1 style=\"text-align: center;\"><span style=\"color: #ffffff;\">Zoom sur la communication chantier<\/span><\/h1>\n<p>[\/vc_column_text][vc_row_inner][vc_column_inner][vc_single_image image=&#8221;23512&#8243; img_size=&#8221;medium&#8221; alignment=&#8221;center&#8221; onclick=&#8221;custom_link&#8221; img_link_target=&#8221;_blank&#8221; link=&#8221;https:\/\/www.communication-chantier.com\/&#8221;][vc_separator color=&#8221;white&#8221; el_width=&#8221;20&#8243;][vc_column_text]<\/p>\n<p style=\"text-align: center;\"><span style=\"color: #ffffff;\">Ce mini-site fait de nombreux retours d\u2019exp\u00e9rience de l&#8217;agence vous aidera \u00e0 \u00e9viter tous les pi\u00e8ges pour penser la communication d&#8217;un projet en phase de travaux.<\/span><\/p>\n<p style=\"text-align: center;\"><span style=\"color: #ffffff;\"><a class=\"btn-white-sennse\" style=\"color: #ffffff;\" href=\"http:\/\/www.communication-chantier.com\/\" target=\"_blank\" rel=\"noopener noreferrer\"><span class=\"btn__text\">CLIQUEZ ICI<\/span><\/a><\/span><\/p>\n<p>[\/vc_column_text][\/vc_column_inner][\/vc_row_inner][\/vc_column][\/vc_row]<\/p>\n","protected":false},"excerpt":{"rendered":"<p>[vc_row full_width=&#8221;stretch_row&#8221;][vc_column][vc_column_text][\/vc_column_text][\/vc_column][\/vc_row][vc_row][vc_column][vc_column_text css_animation=&#8221;appear&#8221;] Actus, infos, id\u00e9es [\/vc_column_text][\/vc_column][\/vc_row][vc_row css=&#8221;.vc_custom_1709549341190{border-top-width: 0px !important;padding-top: 20px !important;background-color: #00ae97 !important;}&#8221;][vc_column css=&#8221;.vc_custom_1607617785524{margin-top: 20px !important;}&#8221;][vc_column_text css_animation=&#8221;appear&#8221; css=&#8221;.vc_custom_1715603381684{padding-bottom: 30px !important;}&#8221;] Zoom sur la communication chantier [\/vc_column_text][vc_row_inner][vc_column_inner][vc_single_image image=&#8221;23512&#8243; img_size=&#8221;medium&#8221; alignment=&#8221;center&#8221; onclick=&#8221;custom_link&#8221; img_link_target=&#8221;_blank&#8221; link=&#8221;https:\/\/www.communication-chantier.com\/&#8221;][vc_separator color=&#8221;white&#8221; el_width=&#8221;20&#8243;][vc_column_text] Ce mini-site fait de nombreux retours d\u2019exp\u00e9rience de l&#8217;agence vous aidera \u00e0 \u00e9viter tous les pi\u00e8ges pour penser la communication [&hellip;]<\/p>\n","protected":false},"author":1,"featured_media":0,"parent":0,"menu_order":8,"comment_status":"closed","ping_status":"closed","template":"","meta":{"footnotes":""},"yoast_head":"<!-- This site is optimized with the Yoast SEO plugin v20.4 - https:\/\/yoast.com\/wordpress\/plugins\/seo\/ -->\n<title>Agence Sennse - Communication, concertation<\/title>\n<meta name=\"description\" content=\"Le sens des projets,l\u2019exp\u00e9rience des territoires. Sennse accompagne depuis plus de 20 ans tous les acteurs des territoires, publics et priv\u00e9s\" \/>\n<meta name=\"robots\" content=\"index, follow, max-snippet:-1, max-image-preview:large, max-video-preview:-1\" \/>\n<link rel=\"canonical\" href=\"https:\/\/sennse.fr\/en\/\" \/>\n<meta property=\"og:locale\" content=\"en_US\" \/>\n<meta property=\"og:type\" content=\"article\" \/>\n<meta property=\"og:title\" content=\"Agence Sennse - Communication, concertation\" \/>\n<meta property=\"og:description\" content=\"Le sens des projets,l\u2019exp\u00e9rience des territoires. Sennse accompagne depuis plus de 20 ans tous les acteurs des territoires, publics et priv\u00e9s\" \/>\n<meta property=\"og:url\" content=\"https:\/\/sennse.fr\/en\/\" \/>\n<meta property=\"og:site_name\" content=\"Sennse, communication - concertation\" \/>\n<meta property=\"article:modified_time\" content=\"2024-05-13T12:29:58+00:00\" \/>\n<meta name=\"twitter:card\" content=\"summary_large_image\" \/>\n<meta name=\"twitter:label1\" content=\"Est. reading time\" \/>\n\t<meta name=\"twitter:data1\" content=\"1 minute\" \/>\n<script type=\"application\/ld+json\" class=\"yoast-schema-graph\">{\"@context\":\"https:\/\/schema.org\",\"@graph\":[{\"@type\":\"WebPage\",\"@id\":\"https:\/\/sennse.fr\/en\/\",\"url\":\"https:\/\/sennse.fr\/en\/\",\"name\":\"Agence Sennse - Communication, concertation\",\"isPartOf\":{\"@id\":\"https:\/\/sennse.fr\/#website\"},\"datePublished\":\"2020-09-17T15:01:00+00:00\",\"dateModified\":\"2024-05-13T12:29:58+00:00\",\"description\":\"Le sens des projets,l\u2019exp\u00e9rience des territoires. Sennse accompagne depuis plus de 20 ans tous les acteurs des territoires, publics et priv\u00e9s\",\"breadcrumb\":{\"@id\":\"https:\/\/sennse.fr\/en\/#breadcrumb\"},\"inLanguage\":\"en-US\",\"potentialAction\":[{\"@type\":\"ReadAction\",\"target\":[\"https:\/\/sennse.fr\/en\/\"]}]},{\"@type\":\"BreadcrumbList\",\"@id\":\"https:\/\/sennse.fr\/en\/#breadcrumb\",\"itemListElement\":[{\"@type\":\"ListItem\",\"position\":1,\"name\":\"Accueil\",\"item\":\"https:\/\/sennse.fr\/en\/\"},{\"@type\":\"ListItem\",\"position\":2,\"name\":\"Accueil\"}]},{\"@type\":\"WebSite\",\"@id\":\"https:\/\/sennse.fr\/#website\",\"url\":\"https:\/\/sennse.fr\/\",\"name\":\"Sennse, communication - concertation\",\"description\":\"Le sens des projets, l\u2019exp\u00e9rience des territoires\",\"publisher\":{\"@id\":\"https:\/\/sennse.fr\/#organization\"},\"potentialAction\":[{\"@type\":\"SearchAction\",\"target\":{\"@type\":\"EntryPoint\",\"urlTemplate\":\"https:\/\/sennse.fr\/?s={search_term_string}\"},\"query-input\":\"required name=search_term_string\"}],\"inLanguage\":\"en-US\"},{\"@type\":\"Organization\",\"@id\":\"https:\/\/sennse.fr\/#organization\",\"name\":\"Sennse\",\"url\":\"https:\/\/sennse.fr\/\",\"logo\":{\"@type\":\"ImageObject\",\"inLanguage\":\"en-US\",\"@id\":\"https:\/\/sennse.fr\/#\/schema\/logo\/image\/\",\"url\":\"https:\/\/sennse.fr\/wp-content\/uploads\/2020\/11\/SENNSE_logo_2.png\",\"contentUrl\":\"https:\/\/sennse.fr\/wp-content\/uploads\/2020\/11\/SENNSE_logo_2.png\",\"width\":175,\"height\":254,\"caption\":\"Sennse\"},\"image\":{\"@id\":\"https:\/\/sennse.fr\/#\/schema\/logo\/image\/\"}}]}<\/script>\n<!-- \/ Yoast SEO plugin. -->","yoast_head_json":{"title":"Agence Sennse - Communication, concertation","description":"Le sens des projets,l\u2019exp\u00e9rience des territoires. Sennse accompagne depuis plus de 20 ans tous les acteurs des territoires, publics et priv\u00e9s","robots":{"index":"index","follow":"follow","max-snippet":"max-snippet:-1","max-image-preview":"max-image-preview:large","max-video-preview":"max-video-preview:-1"},"canonical":"https:\/\/sennse.fr\/en\/","og_locale":"en_US","og_type":"article","og_title":"Agence Sennse - Communication, concertation","og_description":"Le sens des projets,l\u2019exp\u00e9rience des territoires. Sennse accompagne depuis plus de 20 ans tous les acteurs des territoires, publics et priv\u00e9s","og_url":"https:\/\/sennse.fr\/en\/","og_site_name":"Sennse, communication - concertation","article_modified_time":"2024-05-13T12:29:58+00:00","twitter_card":"summary_large_image","twitter_misc":{"Est. reading time":"1 minute"},"schema":{"@context":"https:\/\/schema.org","@graph":[{"@type":"WebPage","@id":"https:\/\/sennse.fr\/en\/","url":"https:\/\/sennse.fr\/en\/","name":"Agence Sennse - Communication, concertation","isPartOf":{"@id":"https:\/\/sennse.fr\/#website"},"datePublished":"2020-09-17T15:01:00+00:00","dateModified":"2024-05-13T12:29:58+00:00","description":"Le sens des projets,l\u2019exp\u00e9rience des territoires. Sennse accompagne depuis plus de 20 ans tous les acteurs des territoires, publics et priv\u00e9s","breadcrumb":{"@id":"https:\/\/sennse.fr\/en\/#breadcrumb"},"inLanguage":"en-US","potentialAction":[{"@type":"ReadAction","target":["https:\/\/sennse.fr\/en\/"]}]},{"@type":"BreadcrumbList","@id":"https:\/\/sennse.fr\/en\/#breadcrumb","itemListElement":[{"@type":"ListItem","position":1,"name":"Accueil","item":"https:\/\/sennse.fr\/en\/"},{"@type":"ListItem","position":2,"name":"Accueil"}]},{"@type":"WebSite","@id":"https:\/\/sennse.fr\/#website","url":"https:\/\/sennse.fr\/","name":"Sennse, communication - concertation","description":"Le sens des projets, l\u2019exp\u00e9rience des territoires","publisher":{"@id":"https:\/\/sennse.fr\/#organization"},"potentialAction":[{"@type":"SearchAction","target":{"@type":"EntryPoint","urlTemplate":"https:\/\/sennse.fr\/?s={search_term_string}"},"query-input":"required name=search_term_string"}],"inLanguage":"en-US"},{"@type":"Organization","@id":"https:\/\/sennse.fr\/#organization","name":"Sennse","url":"https:\/\/sennse.fr\/","logo":{"@type":"ImageObject","inLanguage":"en-US","@id":"https:\/\/sennse.fr\/#\/schema\/logo\/image\/","url":"https:\/\/sennse.fr\/wp-content\/uploads\/2020\/11\/SENNSE_logo_2.png","contentUrl":"https:\/\/sennse.fr\/wp-content\/uploads\/2020\/11\/SENNSE_logo_2.png","width":175,"height":254,"caption":"Sennse"},"image":{"@id":"https:\/\/sennse.fr\/#\/schema\/logo\/image\/"}}]}},"_links":{"self":[{"href":"https:\/\/sennse.fr\/en\/wp-json\/wp\/v2\/pages\/23409"}],"collection":[{"href":"https:\/\/sennse.fr\/en\/wp-json\/wp\/v2\/pages"}],"about":[{"href":"https:\/\/sennse.fr\/en\/wp-json\/wp\/v2\/types\/page"}],"author":[{"embeddable":true,"href":"https:\/\/sennse.fr\/en\/wp-json\/wp\/v2\/users\/1"}],"replies":[{"embeddable":true,"href":"https:\/\/sennse.fr\/en\/wp-json\/wp\/v2\/comments?post=23409"}],"version-history":[{"count":10,"href":"https:\/\/sennse.fr\/en\/wp-json\/wp\/v2\/pages\/23409\/revisions"}],"predecessor-version":[{"id":23775,"href":"https:\/\/sennse.fr\/en\/wp-json\/wp\/v2\/pages\/23409\/revisions\/23775"}],"wp:attachment":[{"href":"https:\/\/sennse.fr\/en\/wp-json\/wp\/v2\/media?parent=23409"}],"curies":[{"name":"wp","href":"https:\/\/api.w.org\/{rel}","templated":true}]}}