{"id":3904,"date":"2017-11-07T17:12:50","date_gmt":"2017-11-07T16:12:50","guid":{"rendered":"http:\/\/sennse.fr\/?page_id=3904"},"modified":"2017-12-08T11:11:16","modified_gmt":"2017-12-08T10:11:16","slug":"sectors","status":"publish","type":"page","link":"https:\/\/sennse.fr\/en\/sectors\/","title":{"rendered":"Sectors"},"content":{"rendered":"<p>[vc_row css=&#8221;.vc_custom_1484089207804{background-color: #ffffff !important;}&#8221;][vc_column width=&#8221;1\/4&#8243;][\/vc_column][vc_column width=&#8221;1\/2&#8243;][vc_column_text]<\/p>\n<h2 style=\"text-align: center;\">Sectors we work in<\/h2>\n<p class=\"lead\" style=\"text-align: center;\">Sennse conducts its business in four main areas in relation to the cities and regions and the projects being developed there. We work with both public and private sector clients and partners.<\/p>\n<p>[\/vc_column_text][\/vc_column][vc_column width=&#8221;1\/4&#8243;][\/vc_column][\/vc_row][vc_row full_width=&#8221;stretch_row&#8221;][vc_column]\n\t\t\t<section class=\"imageblock\">\n\t\t\t\t<div class=\"imageblock__content col-md-6 col-sm-4 pos-left\">\n\t\t\t\t\t<div class=\"background-image-holder\">\n\t\t\t\t\t\t<img loading=\"lazy\" decoding=\"async\" width=\"2448\" height=\"1632\" src=\"https:\/\/sennse.fr\/wp-content\/uploads\/2016\/09\/amenagement.jpg\" class=\"attachment-full size-full\" alt=\"\" srcset=\"https:\/\/sennse.fr\/wp-content\/uploads\/2016\/09\/amenagement.jpg 2448w, https:\/\/sennse.fr\/wp-content\/uploads\/2016\/09\/amenagement-300x200.jpg 300w, https:\/\/sennse.fr\/wp-content\/uploads\/2016\/09\/amenagement-768x512.jpg 768w, https:\/\/sennse.fr\/wp-content\/uploads\/2016\/09\/amenagement-1024x683.jpg 1024w\" sizes=\"(max-width: 2448px) 100vw, 2448px\" \/>\n\t\t\t\t\t<\/div>\n\t\t\t\t<\/div>\n\t\t\t\t<div class=\"col-md-6 col-md-push-6 col-sm-8 col-sm-push-4\">\n\t\t\t\t\t<div class=\"col-md-6 col-md-offset-3 col-sm-8 col-sm-offset-2\">\n\t\t\t\t\t\t[vc_column_text]<\/p>\n<h3 style=\"text-align: center;\"><strong>Planning, Town Planning and Housing<\/strong><\/h3>\n<p style=\"text-align: center;\">Large Urban Projects, Urban Renewal Projects, Local Urban Planning Plans, Eco-Neighbourhoods, Commercial and Business Parks, Real Estate Projects and other major facilities.<\/p>\n<hr \/>\n<h5 style=\"text-align: center;\"><strong>Clients<\/strong><\/h5>\n<p>ANRU &#8211; Greater Paris Development &#8211; Europolia (Toulouse M\u00e9tropole) &#8211; Rueil Development &#8211; SemPariSeine (Development of the City of Paris) &#8211; Sorgem (Val d&#8217;Orge Development) &#8211; Oppid\u00e9a (Toulouse M\u00e9tropole Development) &#8211; Zenata Development Company (Morocco) &#8211; EPA Senart &#8211; Seine Great Lakes &#8211; Ile-de-France regional government &#8211; M\u00e9tropole Grand Lyon &#8211; Limoges &#8211; Nanterre &#8211; Porto-Vecchio (Corsica) &#8211; M\u00e9ru &#8211; Saint-Brieuc &#8211; V\u00e9lizy Villacoublay &#8211; Vitry-le-Fran\u00e7ois &#8211; Alfortville &#8211; Courbevoie &#8211; Fonci\u00e8re logement (Residential Property) &#8211; Procilia &#8211; ICADE &#8211; SADEV 94 &#8211; IDF Habitat &#8211; Coopimmo &#8211; Paris Habitat &#8211; French Tennis Federation &#8211; French Rugby Federation &#8211; Europa City &#8211; Altarea Cogedim &#8211; Kaufman &amp; Broad &#8211; Bouygues Immobilier.[\/vc_column_text]\n\t\t\t\t\t<\/div>\n\t\t\t\t<\/div>\n\t\t\t<\/section>\n\t\t[\/vc_column][\/vc_row][vc_row full_width=&#8221;stretch_row&#8221;][vc_column]\n\t\t\t<section class=\"imageblock\">\n\t\t\t\t<div class=\"imageblock__content col-md-6 col-sm-4 pos-right\">\n\t\t\t\t\t<div class=\"background-image-holder\">\n\t\t\t\t\t\t<img loading=\"lazy\" decoding=\"async\" width=\"2448\" height=\"1632\" src=\"https:\/\/sennse.fr\/wp-content\/uploads\/2016\/09\/mobilites.jpg\" class=\"attachment-full size-full\" alt=\"\" srcset=\"https:\/\/sennse.fr\/wp-content\/uploads\/2016\/09\/mobilites.jpg 2448w, https:\/\/sennse.fr\/wp-content\/uploads\/2016\/09\/mobilites-300x200.jpg 300w, https:\/\/sennse.fr\/wp-content\/uploads\/2016\/09\/mobilites-768x512.jpg 768w, https:\/\/sennse.fr\/wp-content\/uploads\/2016\/09\/mobilites-1024x683.jpg 1024w\" sizes=\"(max-width: 2448px) 100vw, 2448px\" \/>\n\t\t\t\t\t<\/div>\n\t\t\t\t<\/div>\n\t\t\t\t<div class=\"col-md-6 col-sm-8\">\n\t\t\t\t\t<div class=\"col-md-6 col-md-offset-3 col-sm-8 col-sm-offset-2\">\n\t\t\t\t\t\t[vc_column_text]<\/p>\n<h3 style=\"text-align: center;\">Mobilities<\/h3>\n<p style=\"text-align: center;\">Multimodal Transport Hubs, public transport networks (RER, Metro, Tram, BRT, bus), Urban Travel Plans, Railway infrastructure, road infrastructure, airports, ports, external communications for public transport operators.<\/p>\n<hr \/>\n<h5 style=\"text-align: center;\">Clients<\/h5>\n<p style=\"text-align: left;\">STIF (Paris region public transport authority) &#8211; SNCF (French national Railways -Network and Mobility) &#8211; DREAL &#8211; DIRIF &#8211; DIRO &#8211; Ports of Paris &#8211; BNS &#8211; SNC Lavalin \u2013 RATP (Paris Metro operator) &#8211; Systra &#8211; Transamo &#8211; Port of Dunkirk &#8211; Brussels Mobility &#8211; Autoroutes Paris-Rhin-Rh\u00f4ne &#8211; Sanef &#8211; Company Transports Strasbourgeois \u2013 Bayonne Public Transport &#8211; Transport of Loir et Cher &#8211; Limoges Metropolitan Public Transport Company &#8211; Strasbourg Transport Company &#8211; R\u00e9gion Centre (regional government) &#8211; Loire Valley &#8211; Hauts de France region \u2013 Hauts de France, Seine-Saint-Denis, Val-de-Marne, Hauts-de-Seine, Loir-et-Cher, Val d&#8217;Oise (regional governments) &#8211; Grand Angoul\u00eame &#8211; Saint Nazaire &#8211; Amiens M\u00e9tropole &#8211; Chartres M\u00e9tropole- SAN S\u00e9nart- Val Parisis \u2013 Veolia &#8211; Transdev &#8211; Keolis &#8211; RATP Develomment &#8211; OPTILE &#8211; Cityway &#8211; Groupe Lacroix &#8211; Transports Daniel Meyer.<\/p>\n<p style=\"text-align: left;\">.<\/p>\n<p>[\/vc_column_text]\n\t\t\t\t\t<\/div>\n\t\t\t\t<\/div>\n\t\t\t<\/section>\n\t\t[\/vc_column][\/vc_row][vc_row full_width=&#8221;stretch_row&#8221;][vc_column]\n\t\t\t<section class=\"imageblock\">\n\t\t\t\t<div class=\"imageblock__content col-md-6 col-sm-4 pos-left\">\n\t\t\t\t\t<div class=\"background-image-holder\">\n\t\t\t\t\t\t<img loading=\"lazy\" decoding=\"async\" width=\"2448\" height=\"1632\" src=\"https:\/\/sennse.fr\/wp-content\/uploads\/2016\/09\/energie-1.jpg\" class=\"attachment-full size-full\" alt=\"\" srcset=\"https:\/\/sennse.fr\/wp-content\/uploads\/2016\/09\/energie-1.jpg 2448w, https:\/\/sennse.fr\/wp-content\/uploads\/2016\/09\/energie-1-300x200.jpg 300w, https:\/\/sennse.fr\/wp-content\/uploads\/2016\/09\/energie-1-768x512.jpg 768w, https:\/\/sennse.fr\/wp-content\/uploads\/2016\/09\/energie-1-1024x683.jpg 1024w\" sizes=\"(max-width: 2448px) 100vw, 2448px\" \/>\n\t\t\t\t\t<\/div>\n\t\t\t\t<\/div>\n\t\t\t\t<div class=\"col-md-6 col-md-push-6 col-sm-8 col-sm-push-4\">\n\t\t\t\t\t<div class=\"col-md-6 col-md-offset-3 col-sm-8 col-sm-offset-2\">\n\t\t\t\t\t\t[vc_column_text]<\/p>\n<h3 style=\"text-align: center;\"><strong>Energy, Smart City, Environment<\/strong><\/h3>\n<p style=\"text-align: center;\">Electricity networks, Digital development, Wastewater networks, Renewable energy, Sustainable development<\/p>\n<hr \/>\n<h5 style=\"text-align: center;\">Clients<\/h5>\n<p style=\"text-align: center;\">EDF &#8211; RTE &#8211; SIPPEREC &#8211; Departmental Council of Eure-et-Loir &#8211; Region Ile-de-France &#8211; Greater Paris Seine West &#8211; Dreux Agglomeration &#8211; SIGIDURS &#8211; SOLVAY \u2013 FIPOL.<\/p>\n<p>[\/vc_column_text]\n\t\t\t\t\t<\/div>\n\t\t\t\t<\/div>\n\t\t\t<\/section>\n\t\t[\/vc_column][\/vc_row][vc_row full_width=&#8221;stretch_row&#8221;][vc_column]\n\t\t\t<section class=\"imageblock\">\n\t\t\t\t<div class=\"imageblock__content col-md-6 col-sm-4 pos-right\">\n\t\t\t\t\t<div class=\"background-image-holder\">\n\t\t\t\t\t\t<img loading=\"lazy\" decoding=\"async\" width=\"2448\" height=\"1632\" src=\"https:\/\/sennse.fr\/wp-content\/uploads\/2016\/09\/attrativite-1.jpg\" class=\"attachment-full size-full\" alt=\"\" srcset=\"https:\/\/sennse.fr\/wp-content\/uploads\/2016\/09\/attrativite-1.jpg 2448w, https:\/\/sennse.fr\/wp-content\/uploads\/2016\/09\/attrativite-1-300x200.jpg 300w, https:\/\/sennse.fr\/wp-content\/uploads\/2016\/09\/attrativite-1-768x512.jpg 768w, https:\/\/sennse.fr\/wp-content\/uploads\/2016\/09\/attrativite-1-1024x683.jpg 1024w\" sizes=\"(max-width: 2448px) 100vw, 2448px\" \/>\n\t\t\t\t\t<\/div>\n\t\t\t\t<\/div>\n\t\t\t\t<div class=\"col-md-6 col-sm-8\">\n\t\t\t\t\t<div class=\"col-md-6 col-md-offset-3 col-sm-8 col-sm-offset-2\">\n\t\t\t\t\t\t[vc_column_text]<\/p>\n<h3 style=\"text-align: center;\">Territorial attractiveness<\/h3>\n<p style=\"text-align: center;\">Projects of economic, academic, cultural, tourist development. Events.<\/p>\n<hr \/>\n<h5 style=\"text-align: center;\">Clients<\/h5>\n<p style=\"text-align: center;\">Region Auvergne &#8211; Departement de la Savoie &#8211; Tourist Development Agency of the Yonne &#8211; Department of Essonne &#8211; Europacity &#8211; City of Paris &#8211; Cap d&#8217;Agde Tourist Office &#8211; Montpellier Tourist Office &#8211; Grotte Chauvet&#8230;<\/p>\n<p style=\"text-align: center;\">&#8230;<\/p>\n<p>[\/vc_column_text]\n\t\t\t\t\t<\/div>\n\t\t\t\t<\/div>\n\t\t\t<\/section>\n\t\t[\/vc_column][\/vc_row]<\/p>\n","protected":false},"excerpt":{"rendered":"<p>[vc_row css=&#8221;.vc_custom_1484089207804{background-color: #ffffff !important;}&#8221;][vc_column width=&#8221;1\/4&#8243;][\/vc_column][vc_column width=&#8221;1\/2&#8243;][vc_column_text] Sectors we work in Sennse conducts its business in four main areas in relation to the cities and regions and the projects being developed there. We work with both public and private sector clients and partners. [\/vc_column_text][\/vc_column][vc_column width=&#8221;1\/4&#8243;][\/vc_column][\/vc_row][vc_row full_width=&#8221;stretch_row&#8221;][vc_column][\/vc_column][\/vc_row][vc_row full_width=&#8221;stretch_row&#8221;][vc_column][\/vc_column][\/vc_row][vc_row full_width=&#8221;stretch_row&#8221;][vc_column][\/vc_column][\/vc_row][vc_row full_width=&#8221;stretch_row&#8221;][vc_column][\/vc_column][\/vc_row]<\/p>\n","protected":false},"author":1,"featured_media":0,"parent":0,"menu_order":33,"comment_status":"closed","ping_status":"closed","template":"","meta":{"footnotes":""},"yoast_head":"<!-- This site is optimized with the Yoast SEO plugin v20.4 - https:\/\/yoast.com\/wordpress\/plugins\/seo\/ -->\n<title>Sectors - Sennse, communication - concertation<\/title>\n<meta name=\"robots\" content=\"index, follow, max-snippet:-1, max-image-preview:large, max-video-preview:-1\" \/>\n<link rel=\"canonical\" href=\"https:\/\/sennse.fr\/en\/sectors\/\" \/>\n<meta property=\"og:locale\" content=\"en_US\" \/>\n<meta property=\"og:type\" content=\"article\" \/>\n<meta property=\"og:title\" content=\"Sectors - Sennse, communication - concertation\" \/>\n<meta property=\"og:description\" content=\"[vc_row css=&#8221;.vc_custom_1484089207804{background-color: #ffffff !important;}&#8221;][vc_column width=&#8221;1\/4&#8243;][\/vc_column][vc_column width=&#8221;1\/2&#8243;][vc_column_text] Sectors we work in Sennse conducts its business in four main areas in relation to the cities and regions and the projects being developed there. We work with both public and private sector clients and partners. [\/vc_column_text][\/vc_column][vc_column width=&#8221;1\/4&#8243;][\/vc_column][\/vc_row][vc_row full_width=&#8221;stretch_row&#8221;][vc_column][\/vc_column][\/vc_row][vc_row full_width=&#8221;stretch_row&#8221;][vc_column][\/vc_column][\/vc_row][vc_row full_width=&#8221;stretch_row&#8221;][vc_column][\/vc_column][\/vc_row][vc_row full_width=&#8221;stretch_row&#8221;][vc_column][\/vc_column][\/vc_row]\" \/>\n<meta property=\"og:url\" content=\"https:\/\/sennse.fr\/en\/sectors\/\" \/>\n<meta property=\"og:site_name\" content=\"Sennse, communication - concertation\" \/>\n<meta property=\"article:modified_time\" content=\"2017-12-08T10:11:16+00:00\" \/>\n<meta name=\"twitter:card\" content=\"summary_large_image\" \/>\n<meta name=\"twitter:label1\" content=\"Est. reading time\" \/>\n\t<meta name=\"twitter:data1\" content=\"3 minutes\" \/>\n<script type=\"application\/ld+json\" class=\"yoast-schema-graph\">{\"@context\":\"https:\/\/schema.org\",\"@graph\":[{\"@type\":\"WebPage\",\"@id\":\"https:\/\/sennse.fr\/en\/sectors\/\",\"url\":\"https:\/\/sennse.fr\/en\/sectors\/\",\"name\":\"Sectors - Sennse, communication - concertation\",\"isPartOf\":{\"@id\":\"https:\/\/sennse.fr\/#website\"},\"datePublished\":\"2017-11-07T16:12:50+00:00\",\"dateModified\":\"2017-12-08T10:11:16+00:00\",\"breadcrumb\":{\"@id\":\"https:\/\/sennse.fr\/en\/sectors\/#breadcrumb\"},\"inLanguage\":\"en-US\",\"potentialAction\":[{\"@type\":\"ReadAction\",\"target\":[\"https:\/\/sennse.fr\/en\/sectors\/\"]}]},{\"@type\":\"BreadcrumbList\",\"@id\":\"https:\/\/sennse.fr\/en\/sectors\/#breadcrumb\",\"itemListElement\":[{\"@type\":\"ListItem\",\"position\":1,\"name\":\"Accueil\",\"item\":\"https:\/\/sennse.fr\/en\/\"},{\"@type\":\"ListItem\",\"position\":2,\"name\":\"Sectors\"}]},{\"@type\":\"WebSite\",\"@id\":\"https:\/\/sennse.fr\/#website\",\"url\":\"https:\/\/sennse.fr\/\",\"name\":\"Sennse, communication - concertation\",\"description\":\"Le sens des projets, l\u2019exp\u00e9rience des territoires\",\"publisher\":{\"@id\":\"https:\/\/sennse.fr\/#organization\"},\"potentialAction\":[{\"@type\":\"SearchAction\",\"target\":{\"@type\":\"EntryPoint\",\"urlTemplate\":\"https:\/\/sennse.fr\/?s={search_term_string}\"},\"query-input\":\"required name=search_term_string\"}],\"inLanguage\":\"en-US\"},{\"@type\":\"Organization\",\"@id\":\"https:\/\/sennse.fr\/#organization\",\"name\":\"Sennse\",\"url\":\"https:\/\/sennse.fr\/\",\"logo\":{\"@type\":\"ImageObject\",\"inLanguage\":\"en-US\",\"@id\":\"https:\/\/sennse.fr\/#\/schema\/logo\/image\/\",\"url\":\"https:\/\/sennse.fr\/wp-content\/uploads\/2020\/11\/SENNSE_logo_2.png\",\"contentUrl\":\"https:\/\/sennse.fr\/wp-content\/uploads\/2020\/11\/SENNSE_logo_2.png\",\"width\":175,\"height\":254,\"caption\":\"Sennse\"},\"image\":{\"@id\":\"https:\/\/sennse.fr\/#\/schema\/logo\/image\/\"}}]}<\/script>\n<!-- \/ Yoast SEO plugin. -->","yoast_head_json":{"title":"Sectors - Sennse, communication - concertation","robots":{"index":"index","follow":"follow","max-snippet":"max-snippet:-1","max-image-preview":"max-image-preview:large","max-video-preview":"max-video-preview:-1"},"canonical":"https:\/\/sennse.fr\/en\/sectors\/","og_locale":"en_US","og_type":"article","og_title":"Sectors - Sennse, communication - concertation","og_description":"[vc_row css=&#8221;.vc_custom_1484089207804{background-color: #ffffff !important;}&#8221;][vc_column width=&#8221;1\/4&#8243;][\/vc_column][vc_column width=&#8221;1\/2&#8243;][vc_column_text] Sectors we work in Sennse conducts its business in four main areas in relation to the cities and regions and the projects being developed there. We work with both public and private sector clients and partners. [\/vc_column_text][\/vc_column][vc_column width=&#8221;1\/4&#8243;][\/vc_column][\/vc_row][vc_row full_width=&#8221;stretch_row&#8221;][vc_column][\/vc_column][\/vc_row][vc_row full_width=&#8221;stretch_row&#8221;][vc_column][\/vc_column][\/vc_row][vc_row full_width=&#8221;stretch_row&#8221;][vc_column][\/vc_column][\/vc_row][vc_row full_width=&#8221;stretch_row&#8221;][vc_column][\/vc_column][\/vc_row]","og_url":"https:\/\/sennse.fr\/en\/sectors\/","og_site_name":"Sennse, communication - concertation","article_modified_time":"2017-12-08T10:11:16+00:00","twitter_card":"summary_large_image","twitter_misc":{"Est. reading time":"3 minutes"},"schema":{"@context":"https:\/\/schema.org","@graph":[{"@type":"WebPage","@id":"https:\/\/sennse.fr\/en\/sectors\/","url":"https:\/\/sennse.fr\/en\/sectors\/","name":"Sectors - Sennse, communication - concertation","isPartOf":{"@id":"https:\/\/sennse.fr\/#website"},"datePublished":"2017-11-07T16:12:50+00:00","dateModified":"2017-12-08T10:11:16+00:00","breadcrumb":{"@id":"https:\/\/sennse.fr\/en\/sectors\/#breadcrumb"},"inLanguage":"en-US","potentialAction":[{"@type":"ReadAction","target":["https:\/\/sennse.fr\/en\/sectors\/"]}]},{"@type":"BreadcrumbList","@id":"https:\/\/sennse.fr\/en\/sectors\/#breadcrumb","itemListElement":[{"@type":"ListItem","position":1,"name":"Accueil","item":"https:\/\/sennse.fr\/en\/"},{"@type":"ListItem","position":2,"name":"Sectors"}]},{"@type":"WebSite","@id":"https:\/\/sennse.fr\/#website","url":"https:\/\/sennse.fr\/","name":"Sennse, communication - concertation","description":"Le sens des projets, l\u2019exp\u00e9rience des territoires","publisher":{"@id":"https:\/\/sennse.fr\/#organization"},"potentialAction":[{"@type":"SearchAction","target":{"@type":"EntryPoint","urlTemplate":"https:\/\/sennse.fr\/?s={search_term_string}"},"query-input":"required name=search_term_string"}],"inLanguage":"en-US"},{"@type":"Organization","@id":"https:\/\/sennse.fr\/#organization","name":"Sennse","url":"https:\/\/sennse.fr\/","logo":{"@type":"ImageObject","inLanguage":"en-US","@id":"https:\/\/sennse.fr\/#\/schema\/logo\/image\/","url":"https:\/\/sennse.fr\/wp-content\/uploads\/2020\/11\/SENNSE_logo_2.png","contentUrl":"https:\/\/sennse.fr\/wp-content\/uploads\/2020\/11\/SENNSE_logo_2.png","width":175,"height":254,"caption":"Sennse"},"image":{"@id":"https:\/\/sennse.fr\/#\/schema\/logo\/image\/"}}]}},"_links":{"self":[{"href":"https:\/\/sennse.fr\/en\/wp-json\/wp\/v2\/pages\/3904"}],"collection":[{"href":"https:\/\/sennse.fr\/en\/wp-json\/wp\/v2\/pages"}],"about":[{"href":"https:\/\/sennse.fr\/en\/wp-json\/wp\/v2\/types\/page"}],"author":[{"embeddable":true,"href":"https:\/\/sennse.fr\/en\/wp-json\/wp\/v2\/users\/1"}],"replies":[{"embeddable":true,"href":"https:\/\/sennse.fr\/en\/wp-json\/wp\/v2\/comments?post=3904"}],"version-history":[{"count":4,"href":"https:\/\/sennse.fr\/en\/wp-json\/wp\/v2\/pages\/3904\/revisions"}],"predecessor-version":[{"id":4047,"href":"https:\/\/sennse.fr\/en\/wp-json\/wp\/v2\/pages\/3904\/revisions\/4047"}],"wp:attachment":[{"href":"https:\/\/sennse.fr\/en\/wp-json\/wp\/v2\/media?parent=3904"}],"curies":[{"name":"wp","href":"https:\/\/api.w.org\/{rel}","templated":true}]}}